{"id":3,"date":"2019-05-11T05:54:39","date_gmt":"2019-05-11T03:54:39","guid":{"rendered":"http:\/\/hundskoeppe.de\/?page_id=3"},"modified":"2025-01-25T18:19:03","modified_gmt":"2025-01-25T17:19:03","slug":"impressum","status":"publish","type":"page","link":"https:\/\/hundskoeppe.de\/index.php\/impressum\/","title":{"rendered":"Impressum"},"content":{"rendered":"\n<h2 class=\"wp-block-heading\">Impressum<\/h2>\n\n\n\n<p><strong>Angaben gem\u00e4\u00df \u00a7 5 TMG<br><\/strong><br>Aislinn K\u00f6ppe<\/p>\n\n\n\n<p>Talstra\u00dfe 77<\/p>\n\n\n\n<p>25451 Quickborn<\/p>\n\n\n\n<p>Umsatzsteuer-ID: DE428584547<\/p>\n\n\n\n<p><strong>Vertreten durch:<\/strong><\/p>\n\n\n\n<p>Jan K\u00f6ppe<\/p>\n\n\n\n<p><strong>Kontakt:<\/strong><\/p>\n\n\n\n<p>E-Mail:&nbsp;<a href=\"info@hundskoeppe.de\">info@hundskoeppe.de<\/a><\/p>\n\n\n\n<p><\/p>\n\n\n\n<h4 class=\"wp-block-heading\">IMPRESSUM<\/h4>\n\n\n\n<p>Inhaltlich Verantwortlicher gem\u00e4\u00df \u00a7 5 TMG:<\/p>\n\n\n\n<p>Aislinn K\u00f6ppe<\/p>\n\n\n\n<p>Verantwortlich f\u00fcr den Inhalt nach \u00a7 55 Abs. 2 RStV:<\/p>\n\n\n\n<p>Aislinn K\u00f6ppe<\/p>\n\n\n\n<p>Urheberrechtlicher Hinweis zu meinen Bildern<\/p>\n\n\n\n<p>Alle auf hundskoeppe.de ver\u00f6ffentlichten Bilder und Texte sind Eigentum von Aislinn K\u00f6ppe und urheberrechtlich gesch\u00fctzt. Fotos und Texte d\u00fcrfen nicht ohne schriftliche Genehmigung von Aislinn K\u00f6ppe \u00fcbernommen, vervielf\u00e4ltigt und verbreitet werden.<\/p>\n\n\n\n<p>Wenn Sie Interesse an einem oder mehreren Fotos haben, wenden Sie sich gerne an mich. <\/p>\n\n\n\n<p><strong>Haftungsausschluss:<\/strong><\/p>\n\n\n\n<p>Haftung f\u00fcr Inhalte<\/p>\n\n\n\n<p>Die Inhalte meiner Seite wurden mit gr\u00f6\u00dfter Sorgfalt erstellt. F\u00fcr die Richtigkeit, Vollst\u00e4ndigkeit und Aktualit\u00e4t der Inhalte kann ich jedoch kein Gew\u00e4hr \u00fcbernehmen. Als Diensteanbieter bin ich gem\u00e4\u00df \u00a7 7 Abs.1 TMG f\u00fcr eigene Inhalte auf dieser Seite nach den allgemeinen Gesetzen verantwortlich. Nach \u00a7\u00a7 8 bis 10 TMG bin ich als Diensteanbieter jedoch nicht verpflichtet, \u00fcbermittelte oder gespeicherte fremde Informationen zu \u00fcberwachen oder nach Umst\u00e4nden zu forschen, die auf eine rechtswidrige T\u00e4tigkeit hinweisen. Verpflichtungen zur Entfernung oder Sperrung der Nutzung von Informationen nach den allgemeinen Gesetzen bleiben hiervon unber\u00fchrt. Eine diesbez\u00fcgliche Haftung ist jedoch erst ab dem Zeitpunkt der Kenntnis einer konkreten Rechtsverletzung m\u00f6glich. Bei Bekanntwerden von entsprechenden Rechtsverletzungen werden wir diese Inhalte umgehend entfernen.<\/p>\n\n\n\n<p>Haftung f\u00fcr Links<\/p>\n\n\n\n<p>Mein Angebot enth\u00e4lt Links zu externen Webseiten Dritter, auf deren Inhalte wir keinen Einfluss habe. Deshalb k\u00f6nnen wir f\u00fcr diese fremden Inhalte auch keine Gew\u00e4hr \u00fcbernehmen. F\u00fcr die Inhalte der verlinkten Seiten ist stets der jeweilige Anbieter oder Betreiber der Seiten verantwortlich. Die verlinkten Seiten wurden zum Zeitpunkt der Verlinkung auf m\u00f6gliche Rechtsverst\u00f6\u00dfe \u00fcberpr\u00fcft. Rechtswidrige Inhalte waren zum Zeitpunkt der Verlinkung nicht erkennbar. Eine permanente inhaltliche Kontrolle der verlinkten Seiten ist jedoch ohne konkrete Anhaltspunkte einer Rechtsverletzung nicht zumutbar. Bei Bekanntwerden von Rechtsverletzungen werden wir derartige Links umgehend entfernen.<\/p>\n\n\n\n<p>Urheberrecht<\/p>\n\n\n\n<p>Die durch den Seitenbetreiber erstellten Inhalte und Werke auf diesen Seiten unterliegen dem deutschen Urheberrecht. Die Vervielf\u00e4ltigung, Bearbeitung, Verbreitung und jede Art der Verwertung au\u00dferhalb der Grenzen des Urheberrechtes bed\u00fcrfen der schriftlichen Zustimmung des jeweiligen Autors bzw. Erstellers. Downloads und Kopien dieser Seiten sind weder f\u00fcr den privaten noch f\u00fcr den kommerziellen Gebrauch gestattet. Soweit die Inhalte auf dieser Seite nicht vom Betreiber erstellt wurden, werden die Urheberrechte Dritter beachtet. Insbesondere werden Inhalte Dritter als solche gekennzeichnet. Sollten Sie trotzdem auf eine Urheberrechtsverletzung aufmerksam werden, bitten wir um einen entsprechenden Hinweis. Bei Bekanntwerden von Rechtsverletzungen werde ich derartige Inhalte umgehend entfernen.<\/p>\n","protected":false},"excerpt":{"rendered":"<p>Impressum Angaben gem\u00e4\u00df \u00a7 5 TMGAislinn K\u00f6ppe Talstra\u00dfe 77 25451 Quickborn Umsatzsteuer-ID: DE428584547 Vertreten durch: Jan K\u00f6ppe Kontakt: E-Mail:&nbsp;info@hundskoeppe.de IMPRESSUM Inhaltlich Verantwortlicher gem\u00e4\u00df \u00a7 5 TMG: Aislinn K\u00f6ppe Verantwortlich f\u00fcr den Inhalt nach \u00a7 55 Abs. 2 RStV: Aislinn K\u00f6ppe Urheberrechtlicher Hinweis zu meinen Bildern Alle auf hundskoeppe.de ver\u00f6ffentlichten Bilder und Texte sind Eigentum von [&hellip;]<\/p>\n","protected":false},"author":1,"featured_media":0,"parent":0,"menu_order":0,"comment_status":"closed","ping_status":"open","template":"","meta":{"footnotes":""},"class_list":["post-3","page","type-page","status-publish","hentry"],"_links":{"self":[{"href":"https:\/\/hundskoeppe.de\/index.php\/wp-json\/wp\/v2\/pages\/3","targetHints":{"allow":["GET"]}}],"collection":[{"href":"https:\/\/hundskoeppe.de\/index.php\/wp-json\/wp\/v2\/pages"}],"about":[{"href":"https:\/\/hundskoeppe.de\/index.php\/wp-json\/wp\/v2\/types\/page"}],"author":[{"embeddable":true,"href":"https:\/\/hundskoeppe.de\/index.php\/wp-json\/wp\/v2\/users\/1"}],"replies":[{"embeddable":true,"href":"https:\/\/hundskoeppe.de\/index.php\/wp-json\/wp\/v2\/comments?post=3"}],"version-history":[{"count":13,"href":"https:\/\/hundskoeppe.de\/index.php\/wp-json\/wp\/v2\/pages\/3\/revisions"}],"predecessor-version":[{"id":2265,"href":"https:\/\/hundskoeppe.de\/index.php\/wp-json\/wp\/v2\/pages\/3\/revisions\/2265"}],"wp:attachment":[{"href":"https:\/\/hundskoeppe.de\/index.php\/wp-json\/wp\/v2\/media?parent=3"}],"curies":[{"name":"wp","href":"https:\/\/api.w.org\/{rel}","templated":true}]}}